{"id":1212,"date":"2023-08-29T10:40:24","date_gmt":"2023-08-29T14:40:24","guid":{"rendered":"https:\/\/csshc.gouv.qc.ca\/mfr\/?page_id=1212"},"modified":"2023-11-29T09:49:53","modified_gmt":"2023-11-29T14:49:53","slug":"plaintes-et-protecteur-regional-de-leleve","status":"publish","type":"page","link":"https:\/\/csshc.gouv.qc.ca\/mfr\/le-centre\/plaintes-et-protecteur-regional-de-leleve\/","title":{"rendered":"Plaintes et protecteur r\u00e9gional de l&rsquo;\u00e9l\u00e8ve"},"content":{"rendered":"","protected":false},"excerpt":{"rendered":"","protected":false},"author":21,"featured_media":0,"parent":219,"menu_order":16,"comment_status":"closed","ping_status":"closed","template":"","meta":{"_acf_changed":false,"inline_featured_image":false},"class_list":["post-1212","page","type-page","status-publish","hentry"],"acf":[],"_links":{"self":[{"href":"https:\/\/csshc.gouv.qc.ca\/mfr\/wp-json\/wp\/v2\/pages\/1212","targetHints":{"allow":["GET"]}}],"collection":[{"href":"https:\/\/csshc.gouv.qc.ca\/mfr\/wp-json\/wp\/v2\/pages"}],"about":[{"href":"https:\/\/csshc.gouv.qc.ca\/mfr\/wp-json\/wp\/v2\/types\/page"}],"author":[{"embeddable":true,"href":"https:\/\/csshc.gouv.qc.ca\/mfr\/wp-json\/wp\/v2\/users\/21"}],"replies":[{"embeddable":true,"href":"https:\/\/csshc.gouv.qc.ca\/mfr\/wp-json\/wp\/v2\/comments?post=1212"}],"version-history":[{"count":0,"href":"https:\/\/csshc.gouv.qc.ca\/mfr\/wp-json\/wp\/v2\/pages\/1212\/revisions"}],"up":[{"embeddable":true,"href":"https:\/\/csshc.gouv.qc.ca\/mfr\/wp-json\/wp\/v2\/pages\/219"}],"wp:attachment":[{"href":"https:\/\/csshc.gouv.qc.ca\/mfr\/wp-json\/wp\/v2\/media?parent=1212"}],"curies":[{"name":"wp","href":"https:\/\/api.w.org\/{rel}","templated":true}]}}